{"id":87,"date":"2023-06-26T14:14:54","date_gmt":"2023-06-26T12:14:54","guid":{"rendered":"https:\/\/spadek-adwokat.com.pl\/?page_id=87"},"modified":"2024-04-10T10:19:18","modified_gmt":"2024-04-10T08:19:18","slug":"o-mnie","status":"publish","type":"page","link":"https:\/\/spadek-adwokat.com.pl\/en\/o-mnie\/","title":{"rendered":"About me"},"content":{"rendered":"<div data-elementor-type=\"wp-page\" data-elementor-id=\"87\" class=\"elementor elementor-87\" data-elementor-post-type=\"page\">\n\t\t\t\t<div class=\"elementor-element elementor-element-3fd303c e-con-full e-flex e-con e-parent\" data-id=\"3fd303c\" data-element_type=\"container\">\n\t\t<div class=\"elementor-element elementor-element-4eb440b elementor-hidden-tablet elementor-hidden-mobile_extra elementor-hidden-mobile e-con-full e-flex e-con e-child\" data-id=\"4eb440b\" data-element_type=\"container\">\n\t\t\t\t<div class=\"elementor-element elementor-element-095236f elementor-widget elementor-widget-template\" data-id=\"095236f\" data-element_type=\"widget\" data-settings=\"{&quot;sticky&quot;:&quot;top&quot;,&quot;sticky_on&quot;:[&quot;desktop&quot;,&quot;laptop&quot;,&quot;tablet_extra&quot;,&quot;tablet&quot;,&quot;mobile_extra&quot;,&quot;mobile&quot;],&quot;sticky_offset&quot;:0,&quot;sticky_effects_offset&quot;:0}\" data-widget_type=\"template.default\">\n\t\t\t\t<div class=\"elementor-widget-container\">\n\t\t\t\t\t<div class=\"elementor-template\">\n\t\t\t\t\t<div data-elementor-type=\"section\" data-elementor-id=\"83\" class=\"elementor elementor-83\" data-elementor-post-type=\"elementor_library\">\n\t\t\t<header class=\"elementor-element elementor-element-46c45b8 e-con-full e-flex e-con e-parent\" data-id=\"46c45b8\" data-element_type=\"container\" data-settings=\"{&quot;background_background&quot;:&quot;classic&quot;}\">\n\t\t<div class=\"elementor-element elementor-element-667d7a8 e-con-full e-flex e-con e-child\" data-id=\"667d7a8\" data-element_type=\"container\">\n\t\t\t\t<div class=\"elementor-element elementor-element-d08795e elementor-widget elementor-widget-image\" data-id=\"d08795e\" data-element_type=\"widget\" data-widget_type=\"image.default\">\n\t\t\t\t<div class=\"elementor-widget-container\">\n\t\t\t<style>\/*! elementor - v3.21.0 - 08-05-2024 *\/\n.elementor-widget-image{text-align:center}.elementor-widget-image a{display:inline-block}.elementor-widget-image a img[src$=\".svg\"]{width:48px}.elementor-widget-image img{vertical-align:middle;display:inline-block}<\/style>\t\t\t\t\t\t\t\t\t\t\t<a href=\"https:\/\/spadek-adwokat.com.pl\/en\/\">\n\t\t\t\t\t\t\t<img fetchpriority=\"high\" decoding=\"async\" width=\"2092\" height=\"629\" src=\"https:\/\/spadek-adwokat.com.pl\/wp-content\/uploads\/2023\/06\/logo_final-01.png\" class=\"attachment-full size-full wp-image-72\" alt=\"\" srcset=\"https:\/\/spadek-adwokat.com.pl\/wp-content\/uploads\/2023\/06\/logo_final-01.png 2092w, https:\/\/spadek-adwokat.com.pl\/wp-content\/uploads\/2023\/06\/logo_final-01-300x90.png 300w, https:\/\/spadek-adwokat.com.pl\/wp-content\/uploads\/2023\/06\/logo_final-01-1024x308.png 1024w, https:\/\/spadek-adwokat.com.pl\/wp-content\/uploads\/2023\/06\/logo_final-01-768x231.png 768w, https:\/\/spadek-adwokat.com.pl\/wp-content\/uploads\/2023\/06\/logo_final-01-1536x462.png 1536w, https:\/\/spadek-adwokat.com.pl\/wp-content\/uploads\/2023\/06\/logo_final-01-2048x616.png 2048w\" sizes=\"(max-width: 2092px) 100vw, 2092px\" \/>\t\t\t\t\t\t\t\t<\/a>\n\t\t\t\t\t\t\t\t\t\t\t\t\t<\/div>\n\t\t\t\t<\/div>\n\t\t\t\t<div class=\"elementor-element elementor-element-e75de0a elementor-nav-menu__align-center elementor-nav-menu--dropdown-tablet elementor-nav-menu__text-align-aside elementor-nav-menu--toggle elementor-nav-menu--burger elementor-widget elementor-widget-nav-menu\" data-id=\"e75de0a\" data-element_type=\"widget\" data-settings=\"{&quot;layout&quot;:&quot;vertical&quot;,&quot;submenu_icon&quot;:{&quot;value&quot;:&quot;&lt;i class=\\&quot;fas fa-caret-down\\&quot;&gt;&lt;\\\/i&gt;&quot;,&quot;library&quot;:&quot;fa-solid&quot;},&quot;toggle&quot;:&quot;burger&quot;}\" data-widget_type=\"nav-menu.default\">\n\t\t\t\t<div class=\"elementor-widget-container\">\n\t\t\t<link rel=\"stylesheet\" href=\"https:\/\/spadek-adwokat.com.pl\/wp-content\/uploads\/elementor\/css\/custom-pro-widget-nav-menu.min.css?ver=1715322703\">\t\t\t<nav class=\"elementor-nav-menu--main elementor-nav-menu__container elementor-nav-menu--layout-vertical e--pointer-background e--animation-fade\">\n\t\t\t\t<ul id=\"menu-1-e75de0a\" class=\"elementor-nav-menu sm-vertical\"><li class=\"menu-item menu-item-type-post_type menu-item-object-page menu-item-home menu-item-90\"><a href=\"https:\/\/spadek-adwokat.com.pl\/en\/\" class=\"elementor-item\">Home<\/a><\/li>\n<li class=\"menu-item menu-item-type-post_type menu-item-object-page menu-item-89\"><a href=\"https:\/\/spadek-adwokat.com.pl\/en\/o-mnie\/\" class=\"elementor-item\">About me<\/a><\/li>\n<li class=\"trp-language-switcher-container menu-item menu-item-type-post_type menu-item-object-language_switcher menu-item-438\"><a href=\"https:\/\/spadek-adwokat.com.pl\/wp-json\/wp\/v2\/pages\/87\/\" class=\"elementor-item elementor-item-anchor\"><span data-no-translation><img decoding=\"async\" class=\"trp-flag-image\" src=\"https:\/\/spadek-adwokat.com.pl\/wp-content\/plugins\/translatepress-multilingual\/assets\/images\/flags\/pl_PL.png\" width=\"18\" height=\"12\" alt=\"pl_PL\" title=\"Polish\"><\/span><\/a><\/li>\n<\/ul>\t\t\t<\/nav>\n\t\t\t\t\t<div class=\"elementor-menu-toggle\" role=\"button\" tabindex=\"0\" aria-label=\"Menu Toggle\" aria-expanded=\"false\">\n\t\t\t<i aria-hidden=\"true\" role=\"presentation\" class=\"elementor-menu-toggle__icon--open eicon-menu-bar\"><\/i><i aria-hidden=\"true\" role=\"presentation\" class=\"elementor-menu-toggle__icon--close eicon-close\"><\/i>\t\t\t<span class=\"elementor-screen-only\">Menu<\/span>\n\t\t<\/div>\n\t\t\t\t\t<nav class=\"elementor-nav-menu--dropdown elementor-nav-menu__container\" aria-hidden=\"true\">\n\t\t\t\t<ul id=\"menu-2-e75de0a\" class=\"elementor-nav-menu sm-vertical\"><li class=\"menu-item menu-item-type-post_type menu-item-object-page menu-item-home menu-item-90\"><a href=\"https:\/\/spadek-adwokat.com.pl\/en\/\" class=\"elementor-item\" tabindex=\"-1\">Home<\/a><\/li>\n<li class=\"menu-item menu-item-type-post_type menu-item-object-page menu-item-89\"><a href=\"https:\/\/spadek-adwokat.com.pl\/en\/o-mnie\/\" class=\"elementor-item\" tabindex=\"-1\">About me<\/a><\/li>\n<li class=\"trp-language-switcher-container menu-item menu-item-type-post_type menu-item-object-language_switcher menu-item-438\"><a href=\"https:\/\/spadek-adwokat.com.pl\/wp-json\/wp\/v2\/pages\/87\/\" class=\"elementor-item elementor-item-anchor\" tabindex=\"-1\"><span data-no-translation><img decoding=\"async\" class=\"trp-flag-image\" src=\"https:\/\/spadek-adwokat.com.pl\/wp-content\/plugins\/translatepress-multilingual\/assets\/images\/flags\/pl_PL.png\" width=\"18\" height=\"12\" alt=\"pl_PL\" title=\"Polish\"><\/span><\/a><\/li>\n<\/ul>\t\t\t<\/nav>\n\t\t\t\t<\/div>\n\t\t\t\t<\/div>\n\t\t\t\t<div class=\"elementor-element elementor-element-4952c53 elementor-align-center elementor-widget elementor-widget-button\" data-id=\"4952c53\" data-element_type=\"widget\" data-widget_type=\"button.default\">\n\t\t\t\t<div class=\"elementor-widget-container\">\n\t\t\t\t\t<div class=\"elementor-button-wrapper\">\n\t\t\t<a class=\"elementor-button elementor-button-link elementor-size-sm\" href=\"https:\/\/spadek-adwokat.com.pl\/en\/kontakt\/\">\n\t\t\t\t\t\t<span class=\"elementor-button-content-wrapper\">\n\t\t\t\t\t\t\t\t\t<span class=\"elementor-button-text\">Contact<\/span>\n\t\t\t\t\t<\/span>\n\t\t\t\t\t<\/a>\n\t\t<\/div>\n\t\t\t\t<\/div>\n\t\t\t\t<\/div>\n\t\t\t\t<div class=\"elementor-element elementor-element-3071a68 elementor-widget elementor-widget-image\" data-id=\"3071a68\" data-element_type=\"widget\" data-widget_type=\"image.default\">\n\t\t\t\t<div class=\"elementor-widget-container\">\n\t\t\t\t\t\t\t\t\t\t\t\t\t<img decoding=\"async\" width=\"800\" height=\"647\" src=\"https:\/\/spadek-adwokat.com.pl\/wp-content\/uploads\/2023\/06\/drzewo-1024x828.png\" class=\"attachment-large size-large wp-image-400\" alt=\"\" srcset=\"https:\/\/spadek-adwokat.com.pl\/wp-content\/uploads\/2023\/06\/drzewo-1024x828.png 1024w, https:\/\/spadek-adwokat.com.pl\/wp-content\/uploads\/2023\/06\/drzewo-300x243.png 300w, https:\/\/spadek-adwokat.com.pl\/wp-content\/uploads\/2023\/06\/drzewo-768x621.png 768w, https:\/\/spadek-adwokat.com.pl\/wp-content\/uploads\/2023\/06\/drzewo.png 1500w\" sizes=\"(max-width: 800px) 100vw, 800px\" \/>\t\t\t\t\t\t\t\t\t\t\t\t\t<\/div>\n\t\t\t\t<\/div>\n\t\t\t\t<\/div>\n\t\t\t\t<\/header>\n\t\t\t\t<\/div>\n\t\t\t\t<\/div>\n\t\t\t\t<\/div>\n\t\t\t\t<\/div>\n\t\t\t\t<\/div>\n\t\t<div class=\"elementor-element elementor-element-0139988 e-con-full e-flex e-con e-child\" data-id=\"0139988\" data-element_type=\"container\" data-settings=\"{&quot;background_background&quot;:&quot;classic&quot;}\">\n\t\t\t\t<div class=\"elementor-element elementor-element-0333fdb elementor-widget elementor-widget-theme-site-logo elementor-widget-image\" data-id=\"0333fdb\" data-element_type=\"widget\" data-widget_type=\"theme-site-logo.default\">\n\t\t\t\t<div class=\"elementor-widget-container\">\n\t\t\t\t\t\t\t\t\t<a href=\"https:\/\/spadek-adwokat.com.pl\/en\">\n\t\t\t<img fetchpriority=\"high\" decoding=\"async\" width=\"2092\" height=\"629\" src=\"https:\/\/spadek-adwokat.com.pl\/wp-content\/uploads\/2023\/06\/logo_final-01.png\" class=\"attachment-full size-full wp-image-72\" alt=\"\" srcset=\"https:\/\/spadek-adwokat.com.pl\/wp-content\/uploads\/2023\/06\/logo_final-01.png 2092w, https:\/\/spadek-adwokat.com.pl\/wp-content\/uploads\/2023\/06\/logo_final-01-300x90.png 300w, https:\/\/spadek-adwokat.com.pl\/wp-content\/uploads\/2023\/06\/logo_final-01-1024x308.png 1024w, https:\/\/spadek-adwokat.com.pl\/wp-content\/uploads\/2023\/06\/logo_final-01-768x231.png 768w, https:\/\/spadek-adwokat.com.pl\/wp-content\/uploads\/2023\/06\/logo_final-01-1536x462.png 1536w, https:\/\/spadek-adwokat.com.pl\/wp-content\/uploads\/2023\/06\/logo_final-01-2048x616.png 2048w\" sizes=\"(max-width: 2092px) 100vw, 2092px\" \/>\t\t\t\t<\/a>\n\t\t\t\t\t\t\t\t\t<\/div>\n\t\t\t\t<\/div>\n\t\t\t\t<div class=\"elementor-element elementor-element-79582d2 elementor-invisible elementor-widget elementor-widget-text-editor\" data-id=\"79582d2\" data-element_type=\"widget\" data-settings=\"{&quot;_animation&quot;:&quot;fadeInUp&quot;,&quot;_animation_delay&quot;:200}\" data-widget_type=\"text-editor.default\">\n\t\t\t\t<div class=\"elementor-widget-container\">\n\t\t\t<style>\/*! elementor - v3.21.0 - 08-05-2024 *\/\n.elementor-widget-text-editor.elementor-drop-cap-view-stacked .elementor-drop-cap{background-color:#69727d;color:#fff}.elementor-widget-text-editor.elementor-drop-cap-view-framed .elementor-drop-cap{color:#69727d;border:3px solid;background-color:transparent}.elementor-widget-text-editor:not(.elementor-drop-cap-view-default) .elementor-drop-cap{margin-top:8px}.elementor-widget-text-editor:not(.elementor-drop-cap-view-default) .elementor-drop-cap-letter{width:1em;height:1em}.elementor-widget-text-editor .elementor-drop-cap{float:left;text-align:center;line-height:1;font-size:50px}.elementor-widget-text-editor .elementor-drop-cap-letter{display:inline-block}<\/style>\t\t\t\t<p>Inheritance law office.<\/p>\t\t\t\t\t\t<\/div>\n\t\t\t\t<\/div>\n\t\t\t\t<\/div>\n\t\t\t\t<\/div>\n\t\t<div class=\"elementor-element elementor-element-00a402b e-con-full e-flex e-con e-parent\" data-id=\"00a402b\" data-element_type=\"container\" data-settings=\"{&quot;background_background&quot;:&quot;classic&quot;}\">\n\t\t<div class=\"elementor-element elementor-element-8a44536 elementor-hidden-tablet elementor-hidden-mobile_extra elementor-hidden-mobile e-con-full e-flex e-con e-child\" data-id=\"8a44536\" data-element_type=\"container\">\n\t\t\t\t<\/div>\n\t\t<div class=\"elementor-element elementor-element-43939d9 e-con-full e-flex e-con e-child\" data-id=\"43939d9\" data-element_type=\"container\" data-settings=\"{&quot;background_background&quot;:&quot;classic&quot;}\">\n\t\t<div class=\"elementor-element elementor-element-11b054b e-con-full e-flex e-con e-child\" data-id=\"11b054b\" data-element_type=\"container\">\n\t\t\t\t<div class=\"elementor-element elementor-element-f909f55 elementor-widget elementor-widget-text-editor\" data-id=\"f909f55\" data-element_type=\"widget\" data-widget_type=\"text-editor.default\">\n\t\t\t\t<div class=\"elementor-widget-container\">\n\t\t\t\t\t\t\t<p>Partner of Malicki i Wsp\u00f3lnicy. He specializes in court proceedings in the field of inheritance law as well as criminal and criminal commercial law. The experience gained in handling criminal and penal economic cases often allows for more effective handling of inheritance cases.\u00a0<\/p><p>He is a permanent mediator in commercial and inheritance matters at the District Court in Wroc\u0142aw and an active member of the Western Chamber of Commerce in Wroc\u0142aw. He completed numerous internships in banking institutions, at the Ministry of Interior and Administration and for the humanitarian organization UNICEF.<\/p><p>A graduate of the Faculty of Law of the University of Bia\u0142ystok, the University of Warsaw and the University of Zurich. Entered on the list of attorneys since 2013.<\/p><p>In his free time he rides a bike, and his particular passion is routes around lakes in Poland and Europe. His passion is also hiking in the mountains - especially on alpine trails - and cross-country skiing.<\/p>\t\t\t\t\t\t<\/div>\n\t\t\t\t<\/div>\n\t\t\t\t<\/div>\n\t\t\t\t<\/div>\n\t\t\t\t<\/div>\n\t\t\t\t<\/div>","protected":false},"excerpt":{"rendered":"<p>Kancelaria prawa spadkowego. Wsp\u00f3lnik Sp\u00f3\u0142ki Malicki i Wsp\u00f3lnicy. Specjalizuje si\u0119 w post\u0119powaniach s\u0105dowych z zakresu prawa spadkowego jak r\u00f3wnie\u017c \u00a0prawa karnego i karnego gospodarczego. Zdobyte do\u015bwiadczenie w prowadzeniu spraw karnych i karnogospodarczych umo\u017cliwia niejednokrotnie tak\u017ce skuteczniejsze prowadzenie spaw spadkowych.\u00a0 Jest sta\u0142ym mediatorem w sprawach gospodarczych i spadkowych przy S\u0105dzie Okr\u0119gowym we Wroc\u0142awiu oraz aktywnym cz\u0142onkiem [&hellip;]<\/p>","protected":false},"author":4,"featured_media":0,"parent":0,"menu_order":0,"comment_status":"closed","ping_status":"closed","template":"","meta":{"footnotes":""},"class_list":["post-87","page","type-page","status-publish","hentry"],"_links":{"self":[{"href":"https:\/\/spadek-adwokat.com.pl\/en\/wp-json\/wp\/v2\/pages\/87","targetHints":{"allow":["GET"]}}],"collection":[{"href":"https:\/\/spadek-adwokat.com.pl\/en\/wp-json\/wp\/v2\/pages"}],"about":[{"href":"https:\/\/spadek-adwokat.com.pl\/en\/wp-json\/wp\/v2\/types\/page"}],"author":[{"embeddable":true,"href":"https:\/\/spadek-adwokat.com.pl\/en\/wp-json\/wp\/v2\/users\/4"}],"replies":[{"embeddable":true,"href":"https:\/\/spadek-adwokat.com.pl\/en\/wp-json\/wp\/v2\/comments?post=87"}],"version-history":[{"count":55,"href":"https:\/\/spadek-adwokat.com.pl\/en\/wp-json\/wp\/v2\/pages\/87\/revisions"}],"predecessor-version":[{"id":504,"href":"https:\/\/spadek-adwokat.com.pl\/en\/wp-json\/wp\/v2\/pages\/87\/revisions\/504"}],"wp:attachment":[{"href":"https:\/\/spadek-adwokat.com.pl\/en\/wp-json\/wp\/v2\/media?parent=87"}],"curies":[{"name":"wp","href":"https:\/\/api.w.org\/{rel}","templated":true}]}}