{"id":458,"date":"2024-04-09T12:23:58","date_gmt":"2024-04-09T10:23:58","guid":{"rendered":"https:\/\/spadek-adwokat.com.pl\/polityka-plikow-cookies-eu\/"},"modified":"2024-05-10T08:52:59","modified_gmt":"2024-05-10T06:52:59","slug":"polityka-plikow-cookies-eu","status":"publish","type":"page","link":"https:\/\/spadek-adwokat.com.pl\/en\/polityka-plikow-cookies-eu\/","title":{"rendered":"Polityka plik\u00f3w cookies (EU)"},"content":{"rendered":"<div data-elementor-type=\"wp-page\" data-elementor-id=\"458\" class=\"elementor elementor-458\" data-elementor-post-type=\"page\">\n\t\t\t\t<div class=\"elementor-element elementor-element-7ac4f5db e-con-full e-flex e-con e-parent\" data-id=\"7ac4f5db\" data-element_type=\"container\">\n\t\t<div class=\"elementor-element elementor-element-72c9aee3 elementor-hidden-tablet elementor-hidden-mobile_extra elementor-hidden-mobile e-con-full e-flex e-con e-child\" data-id=\"72c9aee3\" data-element_type=\"container\">\n\t\t\t\t<div class=\"elementor-element elementor-element-74d35f19 elementor-widget elementor-widget-template\" data-id=\"74d35f19\" data-element_type=\"widget\" data-settings=\"{&quot;sticky&quot;:&quot;top&quot;,&quot;sticky_on&quot;:[&quot;desktop&quot;,&quot;laptop&quot;,&quot;tablet_extra&quot;,&quot;tablet&quot;,&quot;mobile_extra&quot;,&quot;mobile&quot;],&quot;sticky_offset&quot;:0,&quot;sticky_effects_offset&quot;:0}\" data-widget_type=\"template.default\">\n\t\t\t\t<div class=\"elementor-widget-container\">\n\t\t\t\t\t<div class=\"elementor-template\">\n\t\t\t\t\t<div data-elementor-type=\"section\" data-elementor-id=\"83\" class=\"elementor elementor-83\" data-elementor-post-type=\"elementor_library\">\n\t\t\t<header class=\"elementor-element elementor-element-46c45b8 e-con-full e-flex e-con e-parent\" data-id=\"46c45b8\" data-element_type=\"container\" data-settings=\"{&quot;background_background&quot;:&quot;classic&quot;}\">\n\t\t<div class=\"elementor-element elementor-element-667d7a8 e-con-full e-flex e-con e-child\" data-id=\"667d7a8\" data-element_type=\"container\">\n\t\t\t\t<div class=\"elementor-element elementor-element-d08795e elementor-widget elementor-widget-image\" data-id=\"d08795e\" data-element_type=\"widget\" data-widget_type=\"image.default\">\n\t\t\t\t<div class=\"elementor-widget-container\">\n\t\t\t<style>\/*! elementor - v3.21.0 - 08-05-2024 *\/\n.elementor-widget-image{text-align:center}.elementor-widget-image a{display:inline-block}.elementor-widget-image a img[src$=\".svg\"]{width:48px}.elementor-widget-image img{vertical-align:middle;display:inline-block}<\/style>\t\t\t\t\t\t\t\t\t\t\t<a href=\"https:\/\/spadek-adwokat.com.pl\/en\/\">\n\t\t\t\t\t\t\t<img fetchpriority=\"high\" decoding=\"async\" width=\"2092\" height=\"629\" src=\"https:\/\/spadek-adwokat.com.pl\/wp-content\/uploads\/2023\/06\/logo_final-01.png\" class=\"attachment-full size-full wp-image-72\" alt=\"\" srcset=\"https:\/\/spadek-adwokat.com.pl\/wp-content\/uploads\/2023\/06\/logo_final-01.png 2092w, https:\/\/spadek-adwokat.com.pl\/wp-content\/uploads\/2023\/06\/logo_final-01-300x90.png 300w, https:\/\/spadek-adwokat.com.pl\/wp-content\/uploads\/2023\/06\/logo_final-01-1024x308.png 1024w, https:\/\/spadek-adwokat.com.pl\/wp-content\/uploads\/2023\/06\/logo_final-01-768x231.png 768w, https:\/\/spadek-adwokat.com.pl\/wp-content\/uploads\/2023\/06\/logo_final-01-1536x462.png 1536w, https:\/\/spadek-adwokat.com.pl\/wp-content\/uploads\/2023\/06\/logo_final-01-2048x616.png 2048w\" sizes=\"(max-width: 2092px) 100vw, 2092px\" \/>\t\t\t\t\t\t\t\t<\/a>\n\t\t\t\t\t\t\t\t\t\t\t\t\t<\/div>\n\t\t\t\t<\/div>\n\t\t\t\t<div class=\"elementor-element elementor-element-e75de0a elementor-nav-menu__align-center elementor-nav-menu--dropdown-tablet elementor-nav-menu__text-align-aside elementor-nav-menu--toggle elementor-nav-menu--burger elementor-widget elementor-widget-nav-menu\" data-id=\"e75de0a\" data-element_type=\"widget\" data-settings=\"{&quot;layout&quot;:&quot;vertical&quot;,&quot;submenu_icon&quot;:{&quot;value&quot;:&quot;&lt;i class=\\&quot;fas fa-caret-down\\&quot;&gt;&lt;\\\/i&gt;&quot;,&quot;library&quot;:&quot;fa-solid&quot;},&quot;toggle&quot;:&quot;burger&quot;}\" data-widget_type=\"nav-menu.default\">\n\t\t\t\t<div class=\"elementor-widget-container\">\n\t\t\t<link rel=\"stylesheet\" href=\"https:\/\/spadek-adwokat.com.pl\/wp-content\/uploads\/elementor\/css\/custom-pro-widget-nav-menu.min.css?ver=1715322703\">\t\t\t<nav class=\"elementor-nav-menu--main elementor-nav-menu__container elementor-nav-menu--layout-vertical e--pointer-background e--animation-fade\">\n\t\t\t\t<ul id=\"menu-1-e75de0a\" class=\"elementor-nav-menu sm-vertical\"><li class=\"menu-item menu-item-type-post_type menu-item-object-page menu-item-home menu-item-90\"><a href=\"https:\/\/spadek-adwokat.com.pl\/en\/\" class=\"elementor-item\">Home<\/a><\/li>\n<li class=\"menu-item menu-item-type-post_type menu-item-object-page menu-item-89\"><a href=\"https:\/\/spadek-adwokat.com.pl\/en\/o-mnie\/\" class=\"elementor-item\">About me<\/a><\/li>\n<li class=\"trp-language-switcher-container menu-item menu-item-type-post_type menu-item-object-language_switcher menu-item-438\"><a href=\"https:\/\/spadek-adwokat.com.pl\/wp-json\/wp\/v2\/pages\/458\/\" class=\"elementor-item elementor-item-anchor\"><span data-no-translation><img decoding=\"async\" class=\"trp-flag-image\" src=\"https:\/\/spadek-adwokat.com.pl\/wp-content\/plugins\/translatepress-multilingual\/assets\/images\/flags\/pl_PL.png\" width=\"18\" height=\"12\" alt=\"pl_PL\" title=\"Polish\"><\/span><\/a><\/li>\n<\/ul>\t\t\t<\/nav>\n\t\t\t\t\t<div class=\"elementor-menu-toggle\" role=\"button\" tabindex=\"0\" aria-label=\"Menu Toggle\" aria-expanded=\"false\">\n\t\t\t<i aria-hidden=\"true\" role=\"presentation\" class=\"elementor-menu-toggle__icon--open eicon-menu-bar\"><\/i><i aria-hidden=\"true\" role=\"presentation\" class=\"elementor-menu-toggle__icon--close eicon-close\"><\/i>\t\t\t<span class=\"elementor-screen-only\">Menu<\/span>\n\t\t<\/div>\n\t\t\t\t\t<nav class=\"elementor-nav-menu--dropdown elementor-nav-menu__container\" aria-hidden=\"true\">\n\t\t\t\t<ul id=\"menu-2-e75de0a\" class=\"elementor-nav-menu sm-vertical\"><li class=\"menu-item menu-item-type-post_type menu-item-object-page menu-item-home menu-item-90\"><a href=\"https:\/\/spadek-adwokat.com.pl\/en\/\" class=\"elementor-item\" tabindex=\"-1\">Home<\/a><\/li>\n<li class=\"menu-item menu-item-type-post_type menu-item-object-page menu-item-89\"><a href=\"https:\/\/spadek-adwokat.com.pl\/en\/o-mnie\/\" class=\"elementor-item\" tabindex=\"-1\">About me<\/a><\/li>\n<li class=\"trp-language-switcher-container menu-item menu-item-type-post_type menu-item-object-language_switcher menu-item-438\"><a href=\"https:\/\/spadek-adwokat.com.pl\/wp-json\/wp\/v2\/pages\/458\/\" class=\"elementor-item elementor-item-anchor\" tabindex=\"-1\"><span data-no-translation><img decoding=\"async\" class=\"trp-flag-image\" src=\"https:\/\/spadek-adwokat.com.pl\/wp-content\/plugins\/translatepress-multilingual\/assets\/images\/flags\/pl_PL.png\" width=\"18\" height=\"12\" alt=\"pl_PL\" title=\"Polish\"><\/span><\/a><\/li>\n<\/ul>\t\t\t<\/nav>\n\t\t\t\t<\/div>\n\t\t\t\t<\/div>\n\t\t\t\t<div class=\"elementor-element elementor-element-4952c53 elementor-align-center elementor-widget elementor-widget-button\" data-id=\"4952c53\" data-element_type=\"widget\" data-widget_type=\"button.default\">\n\t\t\t\t<div class=\"elementor-widget-container\">\n\t\t\t\t\t<div class=\"elementor-button-wrapper\">\n\t\t\t<a class=\"elementor-button elementor-button-link elementor-size-sm\" href=\"https:\/\/spadek-adwokat.com.pl\/en\/kontakt\/\">\n\t\t\t\t\t\t<span class=\"elementor-button-content-wrapper\">\n\t\t\t\t\t\t\t\t\t<span class=\"elementor-button-text\">Contact<\/span>\n\t\t\t\t\t<\/span>\n\t\t\t\t\t<\/a>\n\t\t<\/div>\n\t\t\t\t<\/div>\n\t\t\t\t<\/div>\n\t\t\t\t<div class=\"elementor-element elementor-element-3071a68 elementor-widget elementor-widget-image\" data-id=\"3071a68\" data-element_type=\"widget\" data-widget_type=\"image.default\">\n\t\t\t\t<div class=\"elementor-widget-container\">\n\t\t\t\t\t\t\t\t\t\t\t\t\t<img decoding=\"async\" width=\"800\" height=\"647\" src=\"https:\/\/spadek-adwokat.com.pl\/wp-content\/uploads\/2023\/06\/drzewo-1024x828.png\" class=\"attachment-large size-large wp-image-400\" alt=\"\" srcset=\"https:\/\/spadek-adwokat.com.pl\/wp-content\/uploads\/2023\/06\/drzewo-1024x828.png 1024w, https:\/\/spadek-adwokat.com.pl\/wp-content\/uploads\/2023\/06\/drzewo-300x243.png 300w, https:\/\/spadek-adwokat.com.pl\/wp-content\/uploads\/2023\/06\/drzewo-768x621.png 768w, https:\/\/spadek-adwokat.com.pl\/wp-content\/uploads\/2023\/06\/drzewo.png 1500w\" sizes=\"(max-width: 800px) 100vw, 800px\" \/>\t\t\t\t\t\t\t\t\t\t\t\t\t<\/div>\n\t\t\t\t<\/div>\n\t\t\t\t<\/div>\n\t\t\t\t<\/header>\n\t\t\t\t<\/div>\n\t\t\t\t<\/div>\n\t\t\t\t<\/div>\n\t\t\t\t<\/div>\n\t\t\t\t<\/div>\n\t\t<div class=\"elementor-element elementor-element-2d31552f e-con-full e-flex e-con e-child\" data-id=\"2d31552f\" data-element_type=\"container\" data-settings=\"{&quot;background_background&quot;:&quot;classic&quot;}\">\n\t\t\t\t<div class=\"elementor-element elementor-element-32551659 elementor-widget elementor-widget-theme-site-logo elementor-widget-image\" data-id=\"32551659\" data-element_type=\"widget\" data-widget_type=\"theme-site-logo.default\">\n\t\t\t\t<div class=\"elementor-widget-container\">\n\t\t\t\t\t\t\t\t\t<a href=\"https:\/\/spadek-adwokat.com.pl\/en\">\n\t\t\t<img fetchpriority=\"high\" decoding=\"async\" width=\"2092\" height=\"629\" src=\"https:\/\/spadek-adwokat.com.pl\/wp-content\/uploads\/2023\/06\/logo_final-01.png\" class=\"attachment-full size-full wp-image-72\" alt=\"\" srcset=\"https:\/\/spadek-adwokat.com.pl\/wp-content\/uploads\/2023\/06\/logo_final-01.png 2092w, https:\/\/spadek-adwokat.com.pl\/wp-content\/uploads\/2023\/06\/logo_final-01-300x90.png 300w, https:\/\/spadek-adwokat.com.pl\/wp-content\/uploads\/2023\/06\/logo_final-01-1024x308.png 1024w, https:\/\/spadek-adwokat.com.pl\/wp-content\/uploads\/2023\/06\/logo_final-01-768x231.png 768w, https:\/\/spadek-adwokat.com.pl\/wp-content\/uploads\/2023\/06\/logo_final-01-1536x462.png 1536w, https:\/\/spadek-adwokat.com.pl\/wp-content\/uploads\/2023\/06\/logo_final-01-2048x616.png 2048w\" sizes=\"(max-width: 2092px) 100vw, 2092px\" \/>\t\t\t\t<\/a>\n\t\t\t\t\t\t\t\t\t<\/div>\n\t\t\t\t<\/div>\n\t\t\t\t<div class=\"elementor-element elementor-element-7d1f4a87 elementor-hidden-mobile elementor-invisible elementor-widget elementor-widget-text-editor\" data-id=\"7d1f4a87\" data-element_type=\"widget\" data-settings=\"{&quot;_animation&quot;:&quot;fadeInUp&quot;,&quot;_animation_delay&quot;:200}\" data-widget_type=\"text-editor.default\">\n\t\t\t\t<div class=\"elementor-widget-container\">\n\t\t\t<style>\/*! elementor - v3.21.0 - 08-05-2024 *\/\n.elementor-widget-text-editor.elementor-drop-cap-view-stacked .elementor-drop-cap{background-color:#69727d;color:#fff}.elementor-widget-text-editor.elementor-drop-cap-view-framed .elementor-drop-cap{color:#69727d;border:3px solid;background-color:transparent}.elementor-widget-text-editor:not(.elementor-drop-cap-view-default) .elementor-drop-cap{margin-top:8px}.elementor-widget-text-editor:not(.elementor-drop-cap-view-default) .elementor-drop-cap-letter{width:1em;height:1em}.elementor-widget-text-editor .elementor-drop-cap{float:left;text-align:center;line-height:1;font-size:50px}.elementor-widget-text-editor .elementor-drop-cap-letter{display:inline-block}<\/style>\t\t\t\t<p>Inheritance law office.<\/p>\t\t\t\t\t\t<\/div>\n\t\t\t\t<\/div>\n\t\t\t\t<div class=\"elementor-element elementor-element-5c45ee4a elementor-hidden-desktop elementor-hidden-laptop elementor-hidden-tablet_extra elementor-hidden-tablet elementor-hidden-mobile_extra elementor-invisible elementor-widget elementor-widget-text-editor\" data-id=\"5c45ee4a\" data-element_type=\"widget\" data-settings=\"{&quot;_animation&quot;:&quot;fadeInUp&quot;,&quot;_animation_delay&quot;:200}\" data-widget_type=\"text-editor.default\">\n\t\t\t\t<div class=\"elementor-widget-container\">\n\t\t\t\t\t\t\t<p>Inheritance law office.<\/p>\t\t\t\t\t\t<\/div>\n\t\t\t\t<\/div>\n\t\t\t\t<\/div>\n\t\t\t\t<\/div>\n\t\t<div class=\"elementor-element elementor-element-7e5b173a e-con-full e-flex e-con e-parent\" data-id=\"7e5b173a\" data-element_type=\"container\" data-settings=\"{&quot;background_background&quot;:&quot;classic&quot;}\">\n\t\t<div class=\"elementor-element elementor-element-50219fa9 elementor-hidden-tablet elementor-hidden-mobile_extra elementor-hidden-mobile e-con-full e-flex e-con e-child\" data-id=\"50219fa9\" data-element_type=\"container\">\n\t\t\t\t<\/div>\n\t\t<div class=\"elementor-element elementor-element-230f4f87 e-con-full e-flex e-con e-child\" data-id=\"230f4f87\" data-element_type=\"container\" data-settings=\"{&quot;background_background&quot;:&quot;classic&quot;}\">\n\t\t<div class=\"elementor-element elementor-element-534a7c1d e-con-full e-flex e-con e-child\" data-id=\"534a7c1d\" data-element_type=\"container\">\n\t\t\t\t<div class=\"elementor-element elementor-element-3086b1f elementor-widget elementor-widget-html\" data-id=\"3086b1f\" data-element_type=\"widget\" data-widget_type=\"html.default\">\n\t\t\t\t<div class=\"elementor-widget-container\">\n\t\t\t<style>\r\n    a.cky-banner-element {\r\n        padding: 8px 30px;\r\n        background: #F8F9FA;\r\n        color: #858A8F;\r\n        border: 1px solid #DEE2E6;\r\n        box-sizing: border-box;\r\n        border-radius: 2px;\r\n        cursor: pointer;\r\n}\r\n<\/style>\r\n<h1 class=\"cookie-policy-h1\">Polityka plik\u00f3w cookies<\/h1>\r\n<p>\r\n    Data wprowadzenia: 08-Maj-2024 <br>\r\n    Ostatnia aktualizacja: 08-Maj-2024\r\n<\/p>\r\n\r\n&nbsp;\r\n<h5>Czym s\u0105 pliki cookies?<\/h5>\r\n<div class=\"cookie-policy-p\"><p>Niniejsza Polityka dotycz\u0105ca plik\u00f3w cookie wyja\u015bnia, czym s\u0105 pliki cookie i w jaki spos\u00f3b z nich korzystamy, rodzaje plik\u00f3w cookie, kt\u00f3rych u\u017cywamy, tj. informacje, kt\u00f3re zbieramy za pomoc\u0105 plik\u00f3w cookie oraz spos\u00f3b ich wykorzystania, a tak\u017ce spos\u00f3b zarz\u0105dzania ustawieniami plik\u00f3w cookie.<\/p> <p>Pliki cookie to ma\u0142e pliki tekstowe u\u017cywane do przechowywania ma\u0142ych fragment\u00f3w informacji. Zapisywane s\u0105 na Twoim urz\u0105dzeniu, gdy strona internetowa \u0142aduje si\u0119 w Twojej przegl\u0105darce. Te pliki cookie pomagaj\u0105 nam zapewni\u0107 prawid\u0142owe dzia\u0142anie witryny, zwi\u0119kszy\u0107 jej bezpiecze\u0144stwo, zapewni\u0107 lepsz\u0105 obs\u0142ug\u0119 u\u017cytkownika i zrozumie\u0107, jak dzia\u0142a witryna, a tak\u017ce analizowa\u0107, co dzia\u0142a, a gdzie wymaga poprawy.<\/p><\/div>\r\n\r\n&nbsp;\r\n<h5>W jaki spos\u00f3b u\u017cywamy plik\u00f3w cookies?<\/h5>\r\n<div class=\"cookie-policy-p\"><p>Podobnie jak wi\u0119kszo\u015b\u0107 us\u0142ug online, nasza witryna internetowa wykorzystuje pliki cookie w\u0142asne i stron trzecich w kilku celach. W\u0142asne pliki cookie s\u0105 w wi\u0119kszo\u015bci niezb\u0119dne do prawid\u0142owego dzia\u0142ania witryny i nie gromadz\u0105 \u017cadnych danych osobowych.<\/p> <p>Pliki cookie stron trzecich u\u017cywane w naszej witrynie s\u0142u\u017c\u0105 g\u0142\u00f3wnie do zrozumienia, w jaki spos\u00f3b dzia\u0142anie witryny internetowej, spos\u00f3b interakcji z nasz\u0105 witryn\u0105, zapewnienie bezpiecze\u0144stwa naszych us\u0142ug, dostarczanie reklam, kt\u00f3re s\u0105 dla Ciebie istotne, a w sumie zapewnianie lepszego i ulepszonego do\u015bwiadczenia u\u017cytkownika oraz przyspieszenie przysz\u0142ych interakcji z nasz\u0105 witryn\u0105.<\/p><\/div>\r\n\r\n&nbsp;\r\n    <h5>Typy u\u017cywanych plik\u00f3w Cookies<\/h5>\r\n\r\n    <div class=\"cky-audit-table-element\"><\/div>\r\n\r\n&nbsp;\r\n    <h5 style=\"margin-bottom:20px;\">Zarz\u0105dzaj preferencjami plik\u00f3w cookies<\/h5>\r\n\r\n    <a class=\"cky-banner-element\">Ustawienia plik\u00f3w cookies<\/a> <br\/>\r\n\r\n    <div><p>Mo\u017cesz w ka\u017cdej chwili zmieni\u0107 swoje preferencje dotycz\u0105ce plik\u00f3w cookies, klikaj\u0105c powy\u017cszy przycisk. Umo\u017cliwi to ponowne odwiedzenie banera dotycz\u0105cego zgody na pliki cookie i zmian\u0119 preferencji lub natychmiastowe wycofanie zgody.<\/p><p>Ponadto r\u00f3\u017cne przegl\u0105darki zapewniaj\u0105 r\u00f3\u017cne metody blokowania i usuwania plik\u00f3w cookie u\u017cywanych przez witryny internetowe. Mo\u017cesz zmieni\u0107 ustawienia swojej przegl\u0105darki, aby blokowa\u0107\/usuwa\u0107 pliki cookies. Poni\u017cej znajduj\u0105 si\u0119 \u0142\u0105cza do dokument\u00f3w pomocy dotycz\u0105cych zarz\u0105dzania i usuwania plik\u00f3w cookie z g\u0142\u00f3wnych przegl\u0105darek internetowych.<\/p><p>Chrome: https:\/\/support.google.com\/accounts\/answer\/32050<\/p><p>Safari: https:\/\/support.apple.com\/pl-pl\/guide\/safari\/sfri11471\/mac<\/p><p>Firefox: https:\/\/support.mozilla.org\/pl\/kb\/usuwanie-ciasteczek-i-danych-stron-firefox?redirectslug=delete-cookies-remove-info-websites-stored&amp%3Bredirectlocale=en-US<\/p><p>Microsoft Edge: https:\/\/support.microsoft.com\/pl-pl\/microsoft-edge\/usuwanie-plik%C3%B3w-cookie-w-przegl%C4%85darce-microsoft-edge-63947406-40ac-c3b8-57b9-2a946a29ae09<\/p><p>Je\u015bli u\u017cywasz innej przegl\u0105darki internetowej, odwied\u017a oficjalne dokumenty pomocy technicznej swojej przegl\u0105darki.<\/p><\/div>\r\n\r\n\r\n&nbsp;\r\n<p class=\"cookie-policy-p\">\r\n    Polityka plik\u00f3w Cookies Wygenerowana przez:  <a target=\"_blank\" href=\"https:\/\/www.cookieyes.com\/?utm_source=CP&amp;utm_medium=footer&amp;utm_campaign=UW\" rel=\"noopener\">CookieYes - Cookie Policy Generator<\/a>.\r\n<\/p>\t\t<\/div>\n\t\t\t\t<\/div>\n\t\t\t\t<\/div>\n\t\t\t\t<\/div>\n\t\t\t\t<\/div>\n\t\t\t\t<\/div>","protected":false},"excerpt":{"rendered":"<p>Kancelaria prawa spadkowego. Kancelaria prawa spadkowego. Polityka plik\u00f3w cookies Data wprowadzenia: 08-Maj-2024 Ostatnia aktualizacja: 08-Maj-2024 &nbsp; Czym s\u0105 pliki cookies? Niniejsza Polityka dotycz\u0105ca plik\u00f3w cookie wyja\u015bnia, czym s\u0105 pliki cookie i w jaki spos\u00f3b z nich korzystamy, rodzaje plik\u00f3w cookie, kt\u00f3rych u\u017cywamy, tj. informacje, kt\u00f3re zbieramy za pomoc\u0105 plik\u00f3w cookie oraz spos\u00f3b ich wykorzystania, a [&hellip;]<\/p>","protected":false},"author":4,"featured_media":0,"parent":0,"menu_order":0,"comment_status":"closed","ping_status":"closed","template":"","meta":{"footnotes":""},"class_list":["post-458","page","type-page","status-publish","hentry"],"_links":{"self":[{"href":"https:\/\/spadek-adwokat.com.pl\/en\/wp-json\/wp\/v2\/pages\/458","targetHints":{"allow":["GET"]}}],"collection":[{"href":"https:\/\/spadek-adwokat.com.pl\/en\/wp-json\/wp\/v2\/pages"}],"about":[{"href":"https:\/\/spadek-adwokat.com.pl\/en\/wp-json\/wp\/v2\/types\/page"}],"author":[{"embeddable":true,"href":"https:\/\/spadek-adwokat.com.pl\/en\/wp-json\/wp\/v2\/users\/4"}],"replies":[{"embeddable":true,"href":"https:\/\/spadek-adwokat.com.pl\/en\/wp-json\/wp\/v2\/comments?post=458"}],"version-history":[{"count":10,"href":"https:\/\/spadek-adwokat.com.pl\/en\/wp-json\/wp\/v2\/pages\/458\/revisions"}],"predecessor-version":[{"id":508,"href":"https:\/\/spadek-adwokat.com.pl\/en\/wp-json\/wp\/v2\/pages\/458\/revisions\/508"}],"wp:attachment":[{"href":"https:\/\/spadek-adwokat.com.pl\/en\/wp-json\/wp\/v2\/media?parent=458"}],"curies":[{"name":"wp","href":"https:\/\/api.w.org\/{rel}","templated":true}]}}